{"id":802,"date":"2023-05-18T19:29:38","date_gmt":"2023-05-18T17:29:38","guid":{"rendered":"http:\/\/saledistro.org\/?page_id=802"},"modified":"2023-08-04T13:21:21","modified_gmt":"2023-08-04T11:21:21","slug":"archiv-zinu","status":"publish","type":"page","link":"http:\/\/saledistro.org\/index.php\/archiv-zinu\/","title":{"rendered":"Archiv zin\u016f"},"content":{"rendered":"<style>\/*! elementor - v3.6.1 - 23-03-2022 *\/<br \/>\n.elementor-heading-title{padding:0;margin:0;line-height:1}.elementor-widget-heading .elementor-heading-title[class*=elementor-size-]>a{color:inherit;font-size:inherit;line-height:inherit}.elementor-widget-heading .elementor-heading-title.elementor-size-small{font-size:15px}.elementor-widget-heading .elementor-heading-title.elementor-size-medium{font-size:19px}.elementor-widget-heading .elementor-heading-title.elementor-size-large{font-size:29px}.elementor-widget-heading .elementor-heading-title.elementor-size-xl{font-size:39px}.elementor-widget-heading .elementor-heading-title.elementor-size-xxl{font-size:59px}<\/style>\n<h3>Archiv zin\u016f<\/h3>\n<style>\/*! elementor - v3.6.1 - 23-03-2022 *\/<br \/>\n.elementor-widget-divider{--divider-border-style:none;--divider-border-width:1px;--divider-color:#2c2c2c;--divider-icon-size:20px;--divider-element-spacing:10px;--divider-pattern-height:24px;--divider-pattern-size:20px;--divider-pattern-url:none;--divider-pattern-repeat:repeat-x}.elementor-widget-divider .elementor-divider{display:-webkit-box;display:-ms-flexbox;display:flex}.elementor-widget-divider .elementor-divider__text{font-size:15px;line-height:1;max-width:95%}.elementor-widget-divider .elementor-divider__element{margin:0 var(--divider-element-spacing);-ms-flex-negative:0;flex-shrink:0}.elementor-widget-divider .elementor-icon{font-size:var(--divider-icon-size)}.elementor-widget-divider .elementor-divider-separator{display:-webkit-box;display:-ms-flexbox;display:flex;margin:0;direction:ltr}.elementor-widget-divider--view-line_icon .elementor-divider-separator,.elementor-widget-divider--view-line_text .elementor-divider-separator{-webkit-box-align:center;-ms-flex-align:center;align-items:center}.elementor-widget-divider--view-line_icon .elementor-divider-separator:after,.elementor-widget-divider--view-line_icon .elementor-divider-separator:before,.elementor-widget-divider--view-line_text .elementor-divider-separator:after,.elementor-widget-divider--view-line_text .elementor-divider-separator:before{display:block;content:\"\";border-bottom:0;-webkit-box-flex:1;-ms-flex-positive:1;flex-grow:1;border-top:var(--divider-border-width) var(--divider-border-style) var(--divider-color)}.elementor-widget-divider--element-align-left .elementor-divider .elementor-divider-separator>.elementor-divider__svg:first-of-type{-webkit-box-flex:0;-ms-flex-positive:0;flex-grow:0;-ms-flex-negative:100;flex-shrink:100}.elementor-widget-divider--element-align-left .elementor-divider-separator:before{content:none}.elementor-widget-divider--element-align-left .elementor-divider__element{margin-left:0}.elementor-widget-divider--element-align-right .elementor-divider .elementor-divider-separator>.elementor-divider__svg:last-of-type{-webkit-box-flex:0;-ms-flex-positive:0;flex-grow:0;-ms-flex-negative:100;flex-shrink:100}.elementor-widget-divider--element-align-right .elementor-divider-separator:after{content:none}.elementor-widget-divider--element-align-right .elementor-divider__element{margin-right:0}.elementor-widget-divider:not(.elementor-widget-divider--view-line_text):not(.elementor-widget-divider--view-line_icon) .elementor-divider-separator{border-top:var(--divider-border-width) var(--divider-border-style) var(--divider-color)}.elementor-widget-divider--separator-type-pattern{--divider-border-style:none}.elementor-widget-divider--separator-type-pattern.elementor-widget-divider--view-line .elementor-divider-separator,.elementor-widget-divider--separator-type-pattern:not(.elementor-widget-divider--view-line) .elementor-divider-separator:after,.elementor-widget-divider--separator-type-pattern:not(.elementor-widget-divider--view-line) .elementor-divider-separator:before,.elementor-widget-divider--separator-type-pattern:not([class*=elementor-widget-divider--view]) .elementor-divider-separator{width:100%;min-height:var(--divider-pattern-height);-webkit-mask-size:var(--divider-pattern-size) 100%;mask-size:var(--divider-pattern-size) 100%;-webkit-mask-repeat:var(--divider-pattern-repeat);mask-repeat:var(--divider-pattern-repeat);background-color:var(--divider-color);-webkit-mask-image:var(--divider-pattern-url);mask-image:var(--divider-pattern-url)}.elementor-widget-divider--no-spacing{--divider-pattern-size:auto}.elementor-widget-divider--bg-round{--divider-pattern-repeat:round}.rtl .elementor-widget-divider .elementor-divider__text{direction:rtl}<\/style><strong>1 Punk: Dangerous Utopia \u2013 <a href=\"https:\/\/cdn.crimethinc.com\/assets\/zines\/punk-dangerous-utopia\/punk-dangerous-utopia_print_black_and_white.pdf\">tisk<\/a><\/strong>\n\n<!-- \/wp:paragraph --><!-- wp:paragraph -->\n\n<strong>2. Russia: Anarchists against the Invasion of Ukraine \u2013 <a href=\"https:\/\/cdn.crimethinc.com\/assets\/zines\/russia-anarchists-against-the-invasion-of-ukraine\/russia-anarchists-against-the-invasion-of-ukraine_print_black_and_white_a4.pdf\">tisk<\/a><\/strong>\n\n<!-- \/wp:paragraph --><!-- wp:paragraph -->\n\n<strong>3. Ukraine: Background on the Russian Invasion \u2013 <a href=\"https:\/\/cdn.crimethinc.com\/assets\/zines\/ukraine-background-russian-invasion\/ukraine-background-russian-invasion_print_black_and_white_a4.pdf\">tisk<\/a><\/strong>\n\n<!-- \/wp:paragraph --><!-- wp:paragraph -->\n\n<strong>4. The Uprising in Kazakhstan \u2013 <a href=\"https:\/\/cdn.crimethinc.com\/assets\/zines\/uprising-in-kazakhstan\/uprising-in-kazakhstan_print_black_and_white.pdf\">tisk<\/a><\/strong>\n\n<!-- \/wp:paragraph --><!-- wp:paragraph -->\n\n<strong>5. There\u2019s No Such Thing as Revolutionary Government \u2013 <a href=\"https:\/\/cdn.crimethinc.com\/assets\/zines\/theres-no-such-thing-as-revolutionary-government\/theres-no-such-thing-as-revolutionary-government_print_black_and_white.pdf\">tisk<\/a><\/strong>\n\n<!-- \/wp:paragraph --><!-- wp:paragraph -->\n\n<strong>6. Fuck Abuse, Kill Power \u2013 <a href=\"https:\/\/cdn.crimethinc.com\/assets\/zines\/fuck-abuse-kill-power\/fuck-abuse-kill-power_print_black_and_white.pdf\">tisk<\/a><\/strong>\n\n<!-- \/wp:paragraph --><!-- wp:paragraph -->\n\n<strong>7. From Democracy to Freedom \u2013 <a href=\"https:\/\/cdn.crimethinc.com\/assets\/zines\/from-democracy-to-freedom-pamphlet\/from-democracy-to-freedom-pamphlet_print_black_and_white.pdf\">tisk<\/a> \/ <a href=\"https:\/\/cdn.crimethinc.com\/assets\/zines\/from-democracy-to-freedom-pamphlet\/from-democracy-to-freedom-pamphlet_screen_single_page_view.pdf\">\u010dten\u00ed<\/a><\/strong>\n\n<!-- \/wp:paragraph --><!-- wp:paragraph -->\n\n<strong>8. Between Rape and Racism \u2013 <a href=\"https:\/\/cdn.crimethinc.com\/assets\/zines\/between-rape-and-racism\/between-rape-and-racism_print_color.pdf\">tisk<\/a><\/strong>\n\n<!-- \/wp:paragraph --><!-- wp:paragraph -->\n\n<strong>9. Ukraine and the Future of Social Movements \u2013 <a href=\"https:\/\/cdn.crimethinc.com\/assets\/zines\/ukraine-and-the-future-of-social-movements\/ukraine-and-the-future-of-social-movements_print_black_and_white.pdf\">tisk<\/a><\/strong>\n\n<!-- \/wp:paragraph --><!-- wp:paragraph -->\n\n<strong>10. The Illegitimacy of Violence, the Violence of Legitimacy \u2013 <a href=\"https:\/\/cdn.crimethinc.com\/assets\/zines\/the-illegitimacy-of-violence\/the-illegitimacy-of-violence_print_black_and_white.pdf\">tisk<\/a><\/strong>\n\n<!-- \/wp:paragraph --><!-- wp:paragraph -->\n\n<strong>11. Against Innocence \u2013 <a href=\"https:\/\/archive.org\/download\/AgainstInnocenceRaceGenderAndThePoliticsOfSafety\/against-innocence-PRINT.pdf\">tisk<\/a> \/ <a href=\"https:\/\/archive.org\/download\/AgainstInnocenceRaceGenderAndThePoliticsOfSafety\/against-innocence-READ.pdf\">\u010dten\u00ed<\/a><\/strong>\n\n<!-- \/wp:paragraph --><!-- wp:paragraph -->\n\n<strong>12. Short Circuit \u2013 <a href=\"https:\/\/archive.org\/download\/ShortCircuit_560\/short_circuit-IMPOSED.pdf\">tisk<\/a> \/ <a href=\"https:\/\/archive.org\/download\/ShortCircuit_560\/short_circuit-SCREEN.pdf\">\u010dten\u00ed<\/a><\/strong>\n\n<!-- \/wp:paragraph --><!-- wp:paragraph -->\n\n<strong>13. Confidence. Courage. Connection. Trust. \u2013 <a href=\"https:\/\/archive.org\/download\/confidence-courage-connection-trust\/confidence-courage-connection-trust-short_version.pdf\">tisk<\/a><\/strong>\n\n<!-- \/wp:paragraph --><!-- wp:paragraph -->\n\n<strong>14. Signal Fails \u2013 <a href=\"https:\/\/archive.org\/download\/signalfails-imposed\/signalfails-imposed.pdf\">tisk<\/a><\/strong>\n\n<!-- \/wp:paragraph --><!-- wp:paragraph -->\n\n<strong>15. The Invisible Ground \u2013 <a href=\"https:\/\/archive.org\/download\/the-invisible-ground\/the-invisible-ground.pdf\">tisk<\/a><\/strong>\n\n<!-- \/wp:paragraph --><!-- wp:paragraph -->\n\n<strong>16. 3 Positions Against Prison \u2013 <a href=\"https:\/\/archive.org\/download\/3PositionsAgainstPrison\/3_position_against_prison.pdf\">tisk<\/a><\/strong>\n\n<!-- \/wp:paragraph --><!-- wp:paragraph -->\n\n<strong>17. But What About Beer? \u2013 <a href=\"https:\/\/archive.org\/download\/ButWhatAboutBeer\/what_about_beer-imposed.pdf\">tisk<\/a> \/ <a href=\"https:\/\/archive.org\/download\/ButWhatAboutBeer\/what_about_beer-screen.pdf\">\u010dten\u00ed<\/a><\/strong>\n\n<!-- \/wp:paragraph --><!-- wp:paragraph -->\n\n<strong>18. Towards A Less Fucked Up World \u2013 <a href=\"https:\/\/archive.org\/download\/TowardsALessFuckedUpWorld_149\/towards_a_less_fucked_up_world.pdf\">tisk<\/a> \/ <a href=\"https:\/\/archive.org\/download\/TowardsALessFuckedUpWorld_149\/towards_a_less_fucked_up_world-SCREEN.pdf\">\u010dten\u00ed<\/a><\/strong>\n\n<!-- \/wp:paragraph --><!-- wp:paragraph -->\n\n<strong>19. Tips on staying sane &amp; calm while being arrested &amp; sitting in a jail cell alone \u2013 <a href=\"https:\/\/archive.org\/download\/tips-on-staying-calm-while-being-arrested\/how-to-remain%20calm-while-youre-in-jail.pdf\">tisk<\/a><\/strong>\n\n<!-- \/wp:paragraph --><!-- wp:paragraph -->\n\n<strong>20. The Worst Mistake in the History of the Human Race \u2013 <a href=\"https:\/\/archive.org\/download\/TheWorstMistakeInTheHistoryOfTheHumanRace\/worst_mistake.pdf\">tisk<\/a><\/strong>\n\n<!-- \/wp:paragraph --><!-- wp:paragraph -->\n\n<strong>21. Women, Witchunts, and the Reproduction of the Capitalist World \u2013 <a href=\"https:\/\/archive.org\/download\/WomenWitchuntsAndTheReproductionOfTheCapitalistWorld\/women_witchhunts_reproduction.pdf\">tisk<\/a> \/ <a href=\"https:\/\/archive.org\/download\/WomenWitchuntsAndTheReproductionOfTheCapitalistWorld\/women_witchhunts_reproduction-SCREEN.pdf\">\u010dten\u00ed<\/a><\/strong>\n\n<!-- \/wp:paragraph --><!-- wp:paragraph -->\n\n<strong>22. Lines in Sand \u2013 <a href=\"https:\/\/archive.org\/download\/LinesInSand\/lines_in_sand.pdf\">tisk<\/a><\/strong>\n\n<!-- \/wp:paragraph --><!-- wp:paragraph -->\n\n<strong>23. Revolutionary Solidarity: A Critical Reader for Accomplices \u2013 <a href=\"https:\/\/archive.org\/download\/RevolutionarySolidarityACriticalReaderForAccomplices\/revsol-IMPOSED.pdf\">tisk<\/a> \/ <a href=\"https:\/\/archive.org\/download\/RevolutionarySolidarityACriticalReaderForAccomplices\/revsol-SCREEN.pdf\">\u010dten\u00ed<\/a><\/strong>\n\n<!-- \/wp:paragraph --><!-- wp:paragraph -->\n\n<strong>24. Let&#8217;s Talk About Consent Baby \u2013 <a href=\"https:\/\/archive.org\/download\/LetsTalkAboutConsent\/lets_talk_about_consent_baby.pdf\">tisk<\/a><\/strong>\n\n<!-- \/wp:paragraph --><!-- wp:paragraph -->\n\n<strong>25. Learning Good Consent \u2013 <a href=\"https:\/\/archive.org\/download\/LearningGoodConsent\/learning_good_consent.pdf\">tisk<\/a><\/strong>\n\n<!-- \/wp:paragraph --><!-- wp:paragraph -->\n\n<strong>26. Black Anarchism \u2013 <a href=\"https:\/\/azinelibrary.org\/approved\/black-anarchism-1.pdf\">tisk<\/a><\/strong>\n\n<!-- \/wp:paragraph --><!-- wp:paragraph -->\n\n<strong>27. Welcome To The Future \u2013 <a href=\"https:\/\/ia600909.us.archive.org\/11\/items\/anarchy_Welcome_To_The_Future_Gelderloos\/Welcome_To_The_Future_Gelderloos.pdf\">tisk<\/a><\/strong>\n\n<!-- \/wp:paragraph --><!-- wp:paragraph -->\n\n<strong>28. On Women and Violence \u2013 <a href=\"https:\/\/itsgoingdown.org\/wp-content\/uploads\/2017\/02\/on_women_and_violence_print.pdf\">tisk<\/a><\/strong>\n\n<!-- \/wp:paragraph --><!-- wp:paragraph -->\n\n<strong>29. Childhood &amp; The Psychological Dimension of Revolution \u2013 <a href=\"https:\/\/theanarchistlibrary.org\/library\/ashanti-alston-childhood-the-psychological-dimension-of-revolution.a4.pdf\">tisk<\/a> \/ <a href=\"https:\/\/theanarchistlibrary.org\/library\/ashanti-alston-childhood-the-psychological-dimension-of-revolution.pdf\">\u010dten\u00ed<\/a><\/strong>\n\n<!-- \/wp:paragraph --><!-- wp:paragraph -->\n\n<strong>30. PolyAmor \u2013 <a href=\"https:\/\/warzonedistro.noblogs.org\/files\/2017\/09\/PolyAmor.pdf\">tisk<\/a><\/strong>\n\n<!-- \/wp:paragraph --><!-- wp:paragraph -->\n\n<strong>31. Kill The Couple In Your Head \u2013 <a href=\"https:\/\/ungratefulhyenas.noblogs.org\/files\/2021\/04\/KilltheCoupleinyourHead_PRINT-1.0.pdf\">tisk<\/a> \/ <a href=\"https:\/\/ungratefulhyenas.noblogs.org\/files\/2021\/04\/KilltheCoupleinyourHead_READ-1.0.pdf\">\u010dten\u00ed<\/a><\/strong>\n\n<!-- \/wp:paragraph --><!-- wp:paragraph -->\n\n<strong>32. The Invisible Ground \u2013 <a href=\"https:\/\/archive.org\/download\/the-invisible-ground\/the-invisible-ground.pdf\">tisk<\/a><\/strong>\n\n<!-- \/wp:paragraph --><!-- wp:paragraph -->\n\n<strong>33. Witches, Midwives and Nurses \u2013 <a href=\"https:\/\/ia600101.us.archive.org\/19\/items\/WitchesMidwivesAndNursesAudioZine\/witches-midwives-and-nurses%20%28Print%29.pdf\">tisk<\/a><\/strong>\n\n<!-- \/wp:paragraph --><!-- wp:paragraph -->\n\n<strong>34. Burning Women \u2013 <a href=\"https:\/\/we.riseup.net\/assets\/246955\/Burning+Women.pdf\">tisk<\/a><\/strong>\n\n<!-- \/wp:paragraph --><!-- wp:paragraph -->\n\n<strong>35. The Abolition of Work \u2013 <a href=\"https:\/\/imaginenoborders.org\/pdf\/zines\/TheAbolitionOfWork-imposed.pdf\">tisk<\/a> \/ <a href=\"https:\/\/imaginenoborders.org\/pdf\/zines\/TheAbolitionOfWork.pdf\">\u010dten\u00ed<\/a><\/strong>\n\n<!-- \/wp:paragraph --><!-- wp:paragraph -->\n\n<strong>36. Burn Down the American Plantation \u2013 tisk \/ <a href=\"https:\/\/revolutionaryabolition.com\/wp-content\/uploads\/2022\/10\/bdap-1.pdf\">\u010dten\u00ed<\/a><\/strong>\n\n<!-- \/wp:paragraph --><!-- wp:paragraph -->\n\n<strong>37. Call \u2013 tisk \/ <a href=\"https:\/\/ia800306.us.archive.org\/31\/items\/al_Anonymous_Call_a4\/Anonymous__Call_a4.pdf\">\u010dten\u00ed<\/a><\/strong>\n\n<!-- \/wp:paragraph --><!-- wp:paragraph -->\n\n<strong>38. Alone Together: The City and its Inmates \u2013 <a href=\"https:\/\/counterflow.noblogs.org\/files\/2021\/03\/Alone-Together-Booklet.pdf\">tisk<\/a><\/strong>\n\n<!-- \/wp:paragraph --><!-- wp:paragraph -->\n\n<strong>39. Whiteness is a War Measure \u2013 <a href=\"https:\/\/archive.org\/download\/ZineArchive\/whiteness-is-a-war-measure_print.pdf\">tisk<\/a><\/strong>\n\n<!-- \/wp:paragraph --><!-- wp:paragraph -->\n\n<strong>40. Complaints and Disorders: the Sexual Politics of Sickness \u2013 <a href=\"https:\/\/edisciplinas.usp.br\/pluginfile.php\/969738\/mod_resource\/content\/1\/Complaints%20and%20Disorders%204.14%20(1).pdf\">tisk<\/a><\/strong>\n\n<!-- \/wp:paragraph --><!-- wp:paragraph -->\n\n<strong>41. Yalensky\u2019s Fable: A History of the Anarchist Black Cross \u2013 <a href=\"https:\/\/anarchisthistory.noblogs.org\/files\/2014\/08\/zine-yalenskys_fable.pdf\">tisk<\/a> \/ <a href=\"https:\/\/anarchisthistory.noblogs.org\/files\/2015\/01\/zine-yalenskys_fable-SCREEN.pdf\">\u010dten\u00ed<\/a><\/strong>\n\n<!-- \/wp:paragraph --><!-- wp:paragraph -->\n\n<strong>42. Spray Paint and Patriarchy: An Interview with N.O.Bonzo \u2013 <a href=\"https:\/\/ia903004.us.archive.org\/9\/items\/13122016NoBonzo\/1312_2016_no_bonzo.pdf\">tisk<\/a><\/strong>\n\n<!-- \/wp:paragraph --><!-- wp:paragraph -->\n\n<strong>43. 20 reasons to Abandon Christianity \u2013 <a href=\"https:\/\/warzonedistro.noblogs.org\/files\/2017\/09\/20-Reasons-to-Abandon-Christianity.pdf\">tisk<\/a><\/strong>\n\n<!-- \/wp:paragraph --><!-- wp:paragraph -->\n\n<strong>44. Breaking the Curse of Forgotten Places in Mexico \u2013 <a href=\"https:\/\/ia600902.us.archive.org\/14\/items\/13122018ForgottenMexico\/1312_2018_forgotten_mexico.pdf\">tisk<\/a><\/strong>\n\n<!-- \/wp:paragraph --><!-- wp:paragraph -->\n\n<strong>45. Dismantling the Boys Club \u2013 <a href=\"https:\/\/archive.org\/download\/DismantlingTheBoysClub\/dismantling_the_boys_club.pdf\">tisk<\/a> \/ <a href=\"https:\/\/archive.org\/download\/DismantlingTheBoysClub\/Dismantling_The_Boys-Club-SCREEN.pdf\">\u010dten\u00ed<\/a><\/strong>\n\n<!-- \/wp:paragraph --><!-- wp:paragraph -->\n\n<strong>46. Accounting for Ourselves \u2013 <a href=\"https:\/\/cdn.crimethinc.com\/assets\/zines\/accounting-for-ourselves\/accounting-for-ourselves_print_black_and_white.pdf\">tisk<\/a> \/ <a href=\"https:\/\/cdn.crimethinc.com\/assets\/zines\/accounting-for-ourselves\/accounting-for-ourselves_print_black_and_white.pdf\">\u010dten\u00ed<\/a><\/strong>\n\n<!-- \/wp:paragraph --><!-- wp:paragraph -->\n\n<strong>47. This Is Not A Love Story: Armed Struggle Against The Institutions of Patriarchy \u2013 <a href=\"https:\/\/warzonedistro.noblogs.org\/files\/2017\/09\/this-is-not-a-love-story-armed-struggle-against-patriarchy.pdf\">tisk<\/a><\/strong>\n\n<!-- \/wp:paragraph --><!-- wp:paragraph -->\n\n<strong>48. A Field Guide to Wheatpasting \u2013 <a href=\"https:\/\/cdn.crimethinc.com\/assets\/zines\/field-guide-to-wheatpasting\/field-guide-to-wheatpasting_print_black_and_white.pdf\">tisk<\/a><\/strong>\n\n<!-- \/wp:paragraph --><!-- wp:paragraph -->\n\n<strong>49. Taking the First Step: Suggestions to People Called for Abusive Behavior \u2013 <a href=\"https:\/\/www.transformativejustice.eu\/wp-content\/uploads\/2010\/02\/2009.05-wispy-cockles-first-step.indd_.pdf\">tisk<\/a><\/strong>\n\n<!-- \/wp:paragraph --><!-- wp:paragraph -->\n\n<strong>50. Anarchism: What It Is, What It Ain\u2018t \u2013 <a href=\"https:\/\/archive.org\/download\/AnarchismWhatItIsWhatItAint\/anarchism_aint.pdf\">tisk<\/a> \/ <a href=\"https:\/\/archive.org\/download\/AnarchismWhatItIsWhatItAint\/anarchism_aint-SCREEN.pdf\">\u010dten\u00ed<\/a><\/strong>\n\n<nav data-toggle-icon=\"<i aria-hidden=&quot;true&quot; tabindex=&quot;0&quot; class=&quot;fas fa-align-justify&quot;><\/i>&#8221; data-close-icon=&#8221;<i aria-hidden=&quot;true&quot; tabindex=&quot;0&quot; class=&quot;far fa-window-close&quot;><\/i>&#8221; data-full-width=&#8221;yes&#8221;>\n<ul id=\"menu-1-9c60f74\">\n \t<li id=\"menu-item-790\"><a href=\"http:\/\/saledistro.org\/\" class=\"hfe-menu-item\">Homepage<\/a><\/li>\n \t<li id=\"menu-item-310\"><a href=\"http:\/\/saledistro.org\/#oprojektu\" class=\"hfe-menu-item\">O projektu<\/a><\/li>\n \t<li id=\"menu-item-311\"><a href=\"http:\/\/saledistro.org\/#tituly\" class=\"hfe-menu-item\">Tituly<\/a><\/li>\n \t<li id=\"menu-item-810\"><a href=\"http:\/\/saledistro.org\/index.php\/archiv-zinu\/\" class=\"hfe-menu-item\">Archiv zin\u016f<\/a><\/li>\n \t<li id=\"menu-item-313\"><a href=\"http:\/\/saledistro.org\/#kontakt\" class=\"hfe-menu-item\">Kontakt<\/a><\/li>\n \t<li id=\"menu-item-314\"><a target=\"_blank\" rel=\"noopener\" href=\"http:\/\/www.anarchistbookfair.cz\" class=\"hfe-menu-item\">Anarchistick\u00fd festival knihy<\/a><\/li>\n \t<li id=\"menu-item-367\"><a target=\"_blank\" rel=\"noopener\" href=\"http:\/\/www.roleta39.cz\/eshop\" class=\"hfe-menu-item\">Eshop (Roleta39)<\/a><\/li>\n<\/ul>\n<\/nav>\t\t\t<!--more Pokra\u010dovat ve \u010dten\u00ed-->","protected":false},"excerpt":{"rendered":"<p>Archiv zin\u016f 1 Punk: Dangerous Utopia \u2013 tisk 2. Russia: Anarchists against the Invasion of Ukraine \u2013 tisk 3. Ukraine: Background on the Russian Invasion \u2013 tisk 4. The Uprising in Kazakhstan \u2013 tisk 5. There\u2019s No Such Thing as Revolutionary Government \u2013 tisk 6. Fuck Abuse, Kill Power \u2013 tisk 7. From Democracy to [&hellip;]<\/p>\n","protected":false},"author":1,"featured_media":0,"parent":0,"menu_order":0,"comment_status":"closed","ping_status":"closed","template":"elementor_canvas","meta":[],"_links":{"self":[{"href":"http:\/\/saledistro.org\/index.php\/wp-json\/wp\/v2\/pages\/802"}],"collection":[{"href":"http:\/\/saledistro.org\/index.php\/wp-json\/wp\/v2\/pages"}],"about":[{"href":"http:\/\/saledistro.org\/index.php\/wp-json\/wp\/v2\/types\/page"}],"author":[{"embeddable":true,"href":"http:\/\/saledistro.org\/index.php\/wp-json\/wp\/v2\/users\/1"}],"replies":[{"embeddable":true,"href":"http:\/\/saledistro.org\/index.php\/wp-json\/wp\/v2\/comments?post=802"}],"version-history":[{"count":17,"href":"http:\/\/saledistro.org\/index.php\/wp-json\/wp\/v2\/pages\/802\/revisions"}],"predecessor-version":[{"id":844,"href":"http:\/\/saledistro.org\/index.php\/wp-json\/wp\/v2\/pages\/802\/revisions\/844"}],"wp:attachment":[{"href":"http:\/\/saledistro.org\/index.php\/wp-json\/wp\/v2\/media?parent=802"}],"curies":[{"name":"wp","href":"https:\/\/api.w.org\/{rel}","templated":true}]}}